{"id":1964,"date":"2026-04-07T15:31:25","date_gmt":"2026-04-07T13:31:25","guid":{"rendered":"https:\/\/minerail.fr\/?page_id=1964"},"modified":"2026-04-07T15:31:27","modified_gmt":"2026-04-07T13:31:27","slug":"animations-2026","status":"publish","type":"page","link":"https:\/\/minerail.fr\/index.php\/animations-2026\/","title":{"rendered":"ANIMATIONS 2026"},"content":{"rendered":"\n<p class=\"o-typing-faster o-typing-delay-500ms\"><mark style=\"background-color:rgba(0, 0, 0, 0)\" class=\"has-inline-color has-header-gradient-color\"><o-anim-typing><strong>Page en construction &#8211; Nous publierons tous les d\u00e9tails concernant cette exposition de peintres et d&#8217;affiches de cin\u00e9mad\u00e8s que possible<\/strong>.<\/o-anim-typing><\/mark> Horaires habituels.<\/p>\n\n\n\n<p><\/p>\n\n\n\n<p><\/p>\n\n\n\n<h1 class=\"wp-block-heading o-typing-delay-2s o-typing-slow\"><strong><span class=\"highlight\"><mark style=\"background-color:#a81d84\" class=\"has-inline-color has-header-gradient-color\">EXPOSITION<\/mark><\/span><\/strong>   <br><strong><span class=\"highlight\"><mark style=\"background-color:#a81d84\" class=\"has-inline-color has-header-gradient-color\">JUILLET AO\u00dbT 2026<\/mark><\/span><\/strong><\/h1>\n\n\n\n<div class=\"wp-block-columns is-layout-flex wp-container-core-columns-is-layout-9d6595d7 wp-block-columns-is-layout-flex\">\n<div class=\"wp-block-column is-layout-flow wp-block-column-is-layout-flow\">\n<p><strong> 14H00 \u00e0 18H00<\/strong>   <\/p>\n\n\n\n<p>du jeudi 9 juillet 2026 au  Dimanche 23 ao\u00fbt 2026       Les Jeudi , Vendredi, Samedi et Dimanche  <\/p>\n\n\n\n<p><strong>ENTREE LIBRE !!!<\/strong> <\/p>\n\n\n\n<p class=\"has-accent-color has-text-color has-link-color wp-elements-cbf46a394d8bef4ebc7be0fec8a30f56\">vous pourrez <strong>rencontrer les exposants pr\u00e9sents <\/strong>, visiter l&#8217;exposition permanente dans le b\u00e2timent des douches &#8221; <strong>Un si\u00e8cle et demi d&#8217;exploitation mini\u00e8re \u00e0 Messeix<\/strong>&#8221; \u00e9galement en entr\u00e9e libre et des <strong>visites guid\u00e9es <\/strong>du mus\u00e9e de la mine de Messeix.<\/p>\n\n\n\n<p class=\"has-accent-color has-text-color has-link-color wp-elements-f2dc5011d7d72194828f250463751651\">Une belle journ\u00e9e en perspective<strong><br><\/strong><\/p>\n\n\n\n<figure class=\"wp-block-image size-full\"><img loading=\"lazy\" decoding=\"async\" width=\"944\" height=\"630\" src=\"https:\/\/minerail.fr\/wp-content\/uploads\/2026\/04\/image.png\" alt=\"\" class=\"wp-image-1967\" srcset=\"https:\/\/minerail.fr\/wp-content\/uploads\/2026\/04\/image.png 944w, https:\/\/minerail.fr\/wp-content\/uploads\/2026\/04\/image-300x200.png 300w, https:\/\/minerail.fr\/wp-content\/uploads\/2026\/04\/image-768x513.png 768w, https:\/\/minerail.fr\/wp-content\/uploads\/2026\/04\/image-360x240.png 360w\" sizes=\"auto, (max-width: 944px) 100vw, 944px\" \/><\/figure>\n\n\n\n<p><\/p>\n<\/div>\n<\/div>\n\n\n\n<div class=\"wp-block-columns is-layout-flex wp-container-core-columns-is-layout-9d6595d7 wp-block-columns-is-layout-flex\">\n<div class=\"wp-block-column is-layout-flow wp-block-column-is-layout-flow\">\n<ul class=\"wp-block-list\">\n<li><\/li>\n<\/ul>\n<\/div>\n<\/div>\n\n\n\n<div class=\"wp-block-columns is-layout-flex wp-container-core-columns-is-layout-9d6595d7 wp-block-columns-is-layout-flex\"><\/div>\n\n\n\n<p><\/p>\n","protected":false},"excerpt":{"rendered":"<p>Page en construction &#8211; Nous publierons tous les d\u00e9tails concernant cette exposition de peintres et d&#8217;affiches de cin\u00e9mad\u00e8s que possible. Horaires habituels. EXPOSITION JUILLET AO\u00dbT 2026 14H00 \u00e0 18H00 du jeudi 9 juillet 2026 au Dimanche 23 ao\u00fbt 2026 Les Jeudi , Vendredi, Samedi et Dimanche ENTREE LIBRE !!! vous [&hellip;]<\/p>\n","protected":false},"author":1,"featured_media":0,"parent":0,"menu_order":0,"comment_status":"closed","ping_status":"closed","template":"","meta":{"_themeisle_gutenberg_block_has_review":false,"footnotes":""},"class_list":["post-1964","page","type-page","status-publish","hentry"],"yoast_head":"<!-- This site is optimized with the Yoast SEO plugin v26.9 - https:\/\/yoast.com\/product\/yoast-seo-wordpress\/ -->\n<title>ANIMATIONS 2026 - MINERAIL<\/title>\n<meta name=\"robots\" content=\"index, follow, max-snippet:-1, max-image-preview:large, max-video-preview:-1\" \/>\n<link rel=\"canonical\" href=\"https:\/\/minerail.fr\/index.php\/animations-2026\/\" \/>\n<meta property=\"og:locale\" content=\"fr_FR\" \/>\n<meta property=\"og:type\" content=\"article\" \/>\n<meta property=\"og:title\" content=\"ANIMATIONS 2026 - MINERAIL\" \/>\n<meta property=\"og:description\" content=\"Page en construction &#8211; Nous publierons tous les d\u00e9tails concernant cette exposition de peintres et d&#8217;affiches de cin\u00e9mad\u00e8s que possible. Horaires habituels. EXPOSITION JUILLET AO\u00dbT 2026 14H00 \u00e0 18H00 du jeudi 9 juillet 2026 au Dimanche 23 ao\u00fbt 2026 Les Jeudi , Vendredi, Samedi et Dimanche ENTREE LIBRE !!! vous [&hellip;]\" \/>\n<meta property=\"og:url\" content=\"https:\/\/minerail.fr\/index.php\/animations-2026\/\" \/>\n<meta property=\"og:site_name\" content=\"MINERAIL\" \/>\n<meta property=\"article:publisher\" content=\"https:\/\/www.facebook.com\/minerail\" \/>\n<meta property=\"article:modified_time\" content=\"2026-04-07T13:31:27+00:00\" \/>\n<meta property=\"og:image\" content=\"https:\/\/minerail.fr\/wp-content\/uploads\/2026\/04\/image.png\" \/>\n\t<meta property=\"og:image:width\" content=\"944\" \/>\n\t<meta property=\"og:image:height\" content=\"630\" \/>\n\t<meta property=\"og:image:type\" content=\"image\/png\" \/>\n<meta name=\"twitter:card\" content=\"summary_large_image\" \/>\n<meta name=\"twitter:label1\" content=\"Dur\u00e9e de lecture estim\u00e9e\" \/>\n\t<meta name=\"twitter:data1\" content=\"1 minute\" \/>\n<script type=\"application\/ld+json\" class=\"yoast-schema-graph\">{\"@context\":\"https:\/\/schema.org\",\"@graph\":[{\"@type\":\"WebPage\",\"@id\":\"https:\/\/minerail.fr\/index.php\/animations-2026\/\",\"url\":\"https:\/\/minerail.fr\/index.php\/animations-2026\/\",\"name\":\"ANIMATIONS 2026 - MINERAIL\",\"isPartOf\":{\"@id\":\"https:\/\/minerail.fr\/#website\"},\"primaryImageOfPage\":{\"@id\":\"https:\/\/minerail.fr\/index.php\/animations-2026\/#primaryimage\"},\"image\":{\"@id\":\"https:\/\/minerail.fr\/index.php\/animations-2026\/#primaryimage\"},\"thumbnailUrl\":\"https:\/\/minerail.fr\/wp-content\/uploads\/2026\/04\/image.png\",\"datePublished\":\"2026-04-07T13:31:25+00:00\",\"dateModified\":\"2026-04-07T13:31:27+00:00\",\"breadcrumb\":{\"@id\":\"https:\/\/minerail.fr\/index.php\/animations-2026\/#breadcrumb\"},\"inLanguage\":\"fr-FR\",\"potentialAction\":[{\"@type\":\"ReadAction\",\"target\":[\"https:\/\/minerail.fr\/index.php\/animations-2026\/\"]}]},{\"@type\":\"ImageObject\",\"inLanguage\":\"fr-FR\",\"@id\":\"https:\/\/minerail.fr\/index.php\/animations-2026\/#primaryimage\",\"url\":\"https:\/\/minerail.fr\/wp-content\/uploads\/2026\/04\/image.png\",\"contentUrl\":\"https:\/\/minerail.fr\/wp-content\/uploads\/2026\/04\/image.png\",\"width\":944,\"height\":630},{\"@type\":\"BreadcrumbList\",\"@id\":\"https:\/\/minerail.fr\/index.php\/animations-2026\/#breadcrumb\",\"itemListElement\":[{\"@type\":\"ListItem\",\"position\":1,\"name\":\"Accueil\",\"item\":\"https:\/\/minerail.fr\/\"},{\"@type\":\"ListItem\",\"position\":2,\"name\":\"ANIMATIONS 2026\"}]},{\"@type\":\"WebSite\",\"@id\":\"https:\/\/minerail.fr\/#website\",\"url\":\"https:\/\/minerail.fr\/\",\"name\":\"MINERAIL\",\"description\":\"150 ans d&#039;exploitation mini\u00e8re \u00e0 Messeix\",\"publisher\":{\"@id\":\"https:\/\/minerail.fr\/#organization\"},\"potentialAction\":[{\"@type\":\"SearchAction\",\"target\":{\"@type\":\"EntryPoint\",\"urlTemplate\":\"https:\/\/minerail.fr\/?s={search_term_string}\"},\"query-input\":{\"@type\":\"PropertyValueSpecification\",\"valueRequired\":true,\"valueName\":\"search_term_string\"}}],\"inLanguage\":\"fr-FR\"},{\"@type\":\"Organization\",\"@id\":\"https:\/\/minerail.fr\/#organization\",\"name\":\"MINERAIL\",\"url\":\"https:\/\/minerail.fr\/\",\"logo\":{\"@type\":\"ImageObject\",\"inLanguage\":\"fr-FR\",\"@id\":\"https:\/\/minerail.fr\/#\/schema\/logo\/image\/\",\"url\":\"https:\/\/minerail.fr\/wp-content\/uploads\/2020\/10\/cropped-Minerail_Logo-1.png\",\"contentUrl\":\"https:\/\/minerail.fr\/wp-content\/uploads\/2020\/10\/cropped-Minerail_Logo-1.png\",\"width\":232,\"height\":100,\"caption\":\"MINERAIL\"},\"image\":{\"@id\":\"https:\/\/minerail.fr\/#\/schema\/logo\/image\/\"},\"sameAs\":[\"https:\/\/www.facebook.com\/minerail\",\"https:\/\/www.instagram.com\/explore\/locations\/967279510046135\/minerail-musee-de-la-mine-de-messeix\/\"]}]}<\/script>\n<!-- \/ Yoast SEO plugin. -->","yoast_head_json":{"title":"ANIMATIONS 2026 - MINERAIL","robots":{"index":"index","follow":"follow","max-snippet":"max-snippet:-1","max-image-preview":"max-image-preview:large","max-video-preview":"max-video-preview:-1"},"canonical":"https:\/\/minerail.fr\/index.php\/animations-2026\/","og_locale":"fr_FR","og_type":"article","og_title":"ANIMATIONS 2026 - MINERAIL","og_description":"Page en construction &#8211; Nous publierons tous les d\u00e9tails concernant cette exposition de peintres et d&#8217;affiches de cin\u00e9mad\u00e8s que possible. Horaires habituels. EXPOSITION JUILLET AO\u00dbT 2026 14H00 \u00e0 18H00 du jeudi 9 juillet 2026 au Dimanche 23 ao\u00fbt 2026 Les Jeudi , Vendredi, Samedi et Dimanche ENTREE LIBRE !!! vous [&hellip;]","og_url":"https:\/\/minerail.fr\/index.php\/animations-2026\/","og_site_name":"MINERAIL","article_publisher":"https:\/\/www.facebook.com\/minerail","article_modified_time":"2026-04-07T13:31:27+00:00","og_image":[{"width":944,"height":630,"url":"https:\/\/minerail.fr\/wp-content\/uploads\/2026\/04\/image.png","type":"image\/png"}],"twitter_card":"summary_large_image","twitter_misc":{"Dur\u00e9e de lecture estim\u00e9e":"1 minute"},"schema":{"@context":"https:\/\/schema.org","@graph":[{"@type":"WebPage","@id":"https:\/\/minerail.fr\/index.php\/animations-2026\/","url":"https:\/\/minerail.fr\/index.php\/animations-2026\/","name":"ANIMATIONS 2026 - MINERAIL","isPartOf":{"@id":"https:\/\/minerail.fr\/#website"},"primaryImageOfPage":{"@id":"https:\/\/minerail.fr\/index.php\/animations-2026\/#primaryimage"},"image":{"@id":"https:\/\/minerail.fr\/index.php\/animations-2026\/#primaryimage"},"thumbnailUrl":"https:\/\/minerail.fr\/wp-content\/uploads\/2026\/04\/image.png","datePublished":"2026-04-07T13:31:25+00:00","dateModified":"2026-04-07T13:31:27+00:00","breadcrumb":{"@id":"https:\/\/minerail.fr\/index.php\/animations-2026\/#breadcrumb"},"inLanguage":"fr-FR","potentialAction":[{"@type":"ReadAction","target":["https:\/\/minerail.fr\/index.php\/animations-2026\/"]}]},{"@type":"ImageObject","inLanguage":"fr-FR","@id":"https:\/\/minerail.fr\/index.php\/animations-2026\/#primaryimage","url":"https:\/\/minerail.fr\/wp-content\/uploads\/2026\/04\/image.png","contentUrl":"https:\/\/minerail.fr\/wp-content\/uploads\/2026\/04\/image.png","width":944,"height":630},{"@type":"BreadcrumbList","@id":"https:\/\/minerail.fr\/index.php\/animations-2026\/#breadcrumb","itemListElement":[{"@type":"ListItem","position":1,"name":"Accueil","item":"https:\/\/minerail.fr\/"},{"@type":"ListItem","position":2,"name":"ANIMATIONS 2026"}]},{"@type":"WebSite","@id":"https:\/\/minerail.fr\/#website","url":"https:\/\/minerail.fr\/","name":"MINERAIL","description":"150 ans d&#039;exploitation mini\u00e8re \u00e0 Messeix","publisher":{"@id":"https:\/\/minerail.fr\/#organization"},"potentialAction":[{"@type":"SearchAction","target":{"@type":"EntryPoint","urlTemplate":"https:\/\/minerail.fr\/?s={search_term_string}"},"query-input":{"@type":"PropertyValueSpecification","valueRequired":true,"valueName":"search_term_string"}}],"inLanguage":"fr-FR"},{"@type":"Organization","@id":"https:\/\/minerail.fr\/#organization","name":"MINERAIL","url":"https:\/\/minerail.fr\/","logo":{"@type":"ImageObject","inLanguage":"fr-FR","@id":"https:\/\/minerail.fr\/#\/schema\/logo\/image\/","url":"https:\/\/minerail.fr\/wp-content\/uploads\/2020\/10\/cropped-Minerail_Logo-1.png","contentUrl":"https:\/\/minerail.fr\/wp-content\/uploads\/2020\/10\/cropped-Minerail_Logo-1.png","width":232,"height":100,"caption":"MINERAIL"},"image":{"@id":"https:\/\/minerail.fr\/#\/schema\/logo\/image\/"},"sameAs":["https:\/\/www.facebook.com\/minerail","https:\/\/www.instagram.com\/explore\/locations\/967279510046135\/minerail-musee-de-la-mine-de-messeix\/"]}]}},"_links":{"self":[{"href":"https:\/\/minerail.fr\/index.php\/wp-json\/wp\/v2\/pages\/1964","targetHints":{"allow":["GET"]}}],"collection":[{"href":"https:\/\/minerail.fr\/index.php\/wp-json\/wp\/v2\/pages"}],"about":[{"href":"https:\/\/minerail.fr\/index.php\/wp-json\/wp\/v2\/types\/page"}],"author":[{"embeddable":true,"href":"https:\/\/minerail.fr\/index.php\/wp-json\/wp\/v2\/users\/1"}],"replies":[{"embeddable":true,"href":"https:\/\/minerail.fr\/index.php\/wp-json\/wp\/v2\/comments?post=1964"}],"version-history":[{"count":7,"href":"https:\/\/minerail.fr\/index.php\/wp-json\/wp\/v2\/pages\/1964\/revisions"}],"predecessor-version":[{"id":1972,"href":"https:\/\/minerail.fr\/index.php\/wp-json\/wp\/v2\/pages\/1964\/revisions\/1972"}],"wp:attachment":[{"href":"https:\/\/minerail.fr\/index.php\/wp-json\/wp\/v2\/media?parent=1964"}],"curies":[{"name":"wp","href":"https:\/\/api.w.org\/{rel}","templated":true}]}}