{"id":390,"date":"2021-06-12T15:30:18","date_gmt":"2021-06-12T13:30:18","guid":{"rendered":"http:\/\/daniel.learnwordpress.fr\/?page_id=390"},"modified":"2025-02-06T14:23:19","modified_gmt":"2025-02-06T13:23:19","slug":"documentation-cliquez-sur-les-images-pour-acceder-au-contenu-des-documents","status":"publish","type":"page","link":"https:\/\/minerail.fr\/index.php\/documentation-cliquez-sur-les-images-pour-acceder-au-contenu-des-documents\/","title":{"rendered":"Documentation : cliquez sur les images pour acc\u00e9der au contenu des documents"},"content":{"rendered":"\n<div class=\"wp-block-media-text alignwide is-stacked-on-mobile\"><figure class=\"wp-block-media-text__media\"><a href=\"https:\/\/minerail.fr\/wp-content\/uploads\/2021\/12\/MINERAI2021-V2.pdf\"><img loading=\"lazy\" decoding=\"async\" width=\"150\" height=\"150\" src=\"https:\/\/minerail.fr\/wp-content\/uploads\/2021\/01\/mineur-h-m-150x150.jpg\" alt=\"mine de Messeix\" class=\"wp-image-1085 size-thumbnail\"\/><\/a><\/figure><div class=\"wp-block-media-text__content\">\n<p class=\"has-large-font-size\">Pr\u00e9sentation du Mus\u00e9e de la mine de MESSEIX &#8211; 63750<\/p>\n\n\n\n<p>D\u00e9pliant disponible dans les bureaux de Tourisme ou sur demande<\/p>\n\n\n\n<p>&lt;== Cliquez  sur l&#8217;image<\/p>\n<\/div><\/div>\n\n\n\n<div class=\"wp-block-media-text alignwide is-stacked-on-mobile\" style=\"grid-template-columns:35% auto\"><figure class=\"wp-block-media-text__media\"><a href=\"https:\/\/minerail.fr\/wp-content\/uploads\/2021\/12\/EIR-Mine-de-Messeix.pdf\"><img loading=\"lazy\" decoding=\"async\" width=\"1000\" height=\"459\" src=\"https:\/\/minerail.fr\/wp-content\/uploads\/2020\/10\/logo-patrimoine-aurhalpin.png\" alt=\"\" class=\"wp-image-49 size-full\" srcset=\"https:\/\/minerail.fr\/wp-content\/uploads\/2020\/10\/logo-patrimoine-aurhalpin.png 1000w, https:\/\/minerail.fr\/wp-content\/uploads\/2020\/10\/logo-patrimoine-aurhalpin-300x138.png 300w, https:\/\/minerail.fr\/wp-content\/uploads\/2020\/10\/logo-patrimoine-aurhalpin-768x353.png 768w\" sizes=\"auto, (max-width: 1000px) 100vw, 1000px\" \/><\/a><\/figure><div class=\"wp-block-media-text__content\">\n<p class=\"has-large-font-size\">R\u00e9f\u00e9renc\u00e9 au niveau R\u00e9gion<\/p>\n\n\n\n<p>&lt;== <strong> cliquer sur l&#8217;image<\/strong><\/p>\n<\/div><\/div>\n\n\n\n<div class=\"wp-block-columns is-layout-flex wp-container-core-columns-is-layout-9d6595d7 wp-block-columns-is-layout-flex\">\n<div class=\"wp-block-column is-layout-flow wp-block-column-is-layout-flow\" style=\"flex-basis:100%\"><\/div>\n<\/div>\n\n\n\n<div class=\"wp-block-media-text alignwide is-stacked-on-mobile\"><figure class=\"wp-block-media-text__media\"><a href=\"https:\/\/minerail.fr\/wp-content\/uploads\/2020\/11\/DSCN2568_1.mp4\"><img loading=\"lazy\" decoding=\"async\" width=\"1024\" height=\"439\" src=\"https:\/\/minerail.fr\/wp-content\/uploads\/2020\/11\/IMG_20151005_105559-1400x600-1-1024x439.jpg\" alt=\"mus\u00e9e de la mine de messeix-Puy de d\u00f4me-Minerail-patrimoine industriel- -train des mineurs- Locomotive DEUTCH\" class=\"wp-image-309 size-full\" srcset=\"https:\/\/minerail.fr\/wp-content\/uploads\/2020\/11\/IMG_20151005_105559-1400x600-1-1024x439.jpg 1024w, https:\/\/minerail.fr\/wp-content\/uploads\/2020\/11\/IMG_20151005_105559-1400x600-1-300x129.jpg 300w, https:\/\/minerail.fr\/wp-content\/uploads\/2020\/11\/IMG_20151005_105559-1400x600-1-768x329.jpg 768w, https:\/\/minerail.fr\/wp-content\/uploads\/2020\/11\/IMG_20151005_105559-1400x600-1.jpg 1400w\" sizes=\"auto, (max-width: 1024px) 100vw, 1024px\" \/><\/a><\/figure><div class=\"wp-block-media-text__content\">\n<p class=\"has-large-font-size\">le train des mineurs et une visite adapt\u00e9e \u00e0 l&#8217;\u00e2ge des enfants<br>&lt;== cliquez sur l&#8217;image<\/p>\n<\/div><\/div>\n\n\n\n<div class=\"wp-block-media-text alignwide is-stacked-on-mobile\"><figure class=\"wp-block-media-text__media\"><img loading=\"lazy\" decoding=\"async\" width=\"1024\" height=\"439\" src=\"https:\/\/minerail.fr\/wp-content\/uploads\/2021\/12\/IMG_20171020_155451-1400x600-1-1024x439.jpg\" alt=\"mine de Messeix- Puits Saint-Louis\" class=\"wp-image-1490 size-full\" srcset=\"https:\/\/minerail.fr\/wp-content\/uploads\/2021\/12\/IMG_20171020_155451-1400x600-1-1024x439.jpg 1024w, https:\/\/minerail.fr\/wp-content\/uploads\/2021\/12\/IMG_20171020_155451-1400x600-1-300x129.jpg 300w, https:\/\/minerail.fr\/wp-content\/uploads\/2021\/12\/IMG_20171020_155451-1400x600-1-768x329.jpg 768w, https:\/\/minerail.fr\/wp-content\/uploads\/2021\/12\/IMG_20171020_155451-1400x600-1.jpg 1400w\" sizes=\"auto, (max-width: 1024px) 100vw, 1024px\" \/><\/figure><div class=\"wp-block-media-text__content\">\n<figure class=\"wp-block-image size-large\"><img loading=\"lazy\" decoding=\"async\" width=\"1024\" height=\"439\" src=\"https:\/\/minerail.fr\/wp-content\/uploads\/2021\/12\/IMG_20171020_155331-1-1400x600-1-1024x439.jpg\" alt=\"\" class=\"wp-image-1489\" srcset=\"https:\/\/minerail.fr\/wp-content\/uploads\/2021\/12\/IMG_20171020_155331-1-1400x600-1-1024x439.jpg 1024w, https:\/\/minerail.fr\/wp-content\/uploads\/2021\/12\/IMG_20171020_155331-1-1400x600-1-300x129.jpg 300w, https:\/\/minerail.fr\/wp-content\/uploads\/2021\/12\/IMG_20171020_155331-1-1400x600-1-768x329.jpg 768w, https:\/\/minerail.fr\/wp-content\/uploads\/2021\/12\/IMG_20171020_155331-1-1400x600-1.jpg 1400w\" sizes=\"auto, (max-width: 1024px) 100vw, 1024px\" \/><figcaption class=\"wp-element-caption\">Un petit QUIZ ?         dans la bonne humeur <\/figcaption><\/figure>\n<\/div><\/div>\n\n\n\n<ul class=\"wp-block-list\">\n<li><a href=\"https:\/\/minerail.fr\/wp-content\/uploads\/2021\/12\/brochure.pdf\" target=\"_blank\" rel=\"noreferrer noopener\">Document 1<\/a>             Brochure : document PDF mettant en exergue certaines situations sur les m\u00e9tiers des mineurs<\/li>\n\n\n\n<li><a href=\"https:\/\/minerail.fr\/wp-content\/uploads\/2021\/12\/CPMinerail.pps\">document 2<\/a>             Diaporama sur les installations et cit\u00e9s mini\u00e8res<\/li>\n\n\n\n<li><a href=\"https:\/\/minerail.fr\/wp-content\/uploads\/2021\/12\/FR3_histoire_petite.mp4\" target=\"_blank\" rel=\"noreferrer noopener\">Document 3<\/a>             Page histoire _ FR3 _ la mine de Messeix<\/li>\n\n\n\n<li><\/li>\n<\/ul>\n\n\n\n<p><\/p>\n","protected":false},"excerpt":{"rendered":"<p>Pr\u00e9sentation du Mus\u00e9e de la mine de MESSEIX &#8211; 63750 D\u00e9pliant disponible dans les bureaux de Tourisme ou sur demande &lt;== Cliquez sur l&#8217;image R\u00e9f\u00e9renc\u00e9 au niveau R\u00e9gion &lt;== cliquer sur l&#8217;image le train des mineurs et une visite adapt\u00e9e \u00e0 l&#8217;\u00e2ge des enfants&lt;== cliquez sur l&#8217;image<\/p>\n","protected":false},"author":2,"featured_media":0,"parent":0,"menu_order":0,"comment_status":"closed","ping_status":"closed","template":"","meta":{"_themeisle_gutenberg_block_has_review":false,"footnotes":""},"class_list":["post-390","page","type-page","status-publish","hentry"],"yoast_head":"<!-- This site is optimized with the Yoast SEO plugin v26.9 - https:\/\/yoast.com\/product\/yoast-seo-wordpress\/ -->\n<title>Documentation : cliquez sur les images pour acc\u00e9der au contenu des documents - MINERAIL<\/title>\n<meta name=\"robots\" content=\"index, follow, max-snippet:-1, max-image-preview:large, max-video-preview:-1\" \/>\n<link rel=\"canonical\" href=\"https:\/\/minerail.fr\/index.php\/documentation-cliquez-sur-les-images-pour-acceder-au-contenu-des-documents\/\" \/>\n<meta property=\"og:locale\" content=\"fr_FR\" \/>\n<meta property=\"og:type\" content=\"article\" \/>\n<meta property=\"og:title\" content=\"Documentation : cliquez sur les images pour acc\u00e9der au contenu des documents - MINERAIL\" \/>\n<meta property=\"og:description\" content=\"Pr\u00e9sentation du Mus\u00e9e de la mine de MESSEIX &#8211; 63750 D\u00e9pliant disponible dans les bureaux de Tourisme ou sur demande &lt;== Cliquez sur l&#8217;image R\u00e9f\u00e9renc\u00e9 au niveau R\u00e9gion &lt;== cliquer sur l&#8217;image le train des mineurs et une visite adapt\u00e9e \u00e0 l&#8217;\u00e2ge des enfants&lt;== cliquez sur l&#8217;image\" \/>\n<meta property=\"og:url\" content=\"https:\/\/minerail.fr\/index.php\/documentation-cliquez-sur-les-images-pour-acceder-au-contenu-des-documents\/\" \/>\n<meta property=\"og:site_name\" content=\"MINERAIL\" \/>\n<meta property=\"article:publisher\" content=\"https:\/\/www.facebook.com\/minerail\" \/>\n<meta property=\"article:modified_time\" content=\"2025-02-06T13:23:19+00:00\" \/>\n<meta property=\"og:image\" content=\"https:\/\/minerail.fr\/wp-content\/uploads\/2021\/01\/mineur-h-m-scaled.jpg\" \/>\n\t<meta property=\"og:image:width\" content=\"1672\" \/>\n\t<meta property=\"og:image:height\" content=\"2560\" \/>\n\t<meta property=\"og:image:type\" content=\"image\/jpeg\" \/>\n<meta name=\"twitter:card\" content=\"summary_large_image\" \/>\n<meta name=\"twitter:label1\" content=\"Dur\u00e9e de lecture estim\u00e9e\" \/>\n\t<meta name=\"twitter:data1\" content=\"2 minutes\" \/>\n<script type=\"application\/ld+json\" class=\"yoast-schema-graph\">{\"@context\":\"https:\/\/schema.org\",\"@graph\":[{\"@type\":\"WebPage\",\"@id\":\"https:\/\/minerail.fr\/index.php\/documentation-cliquez-sur-les-images-pour-acceder-au-contenu-des-documents\/\",\"url\":\"https:\/\/minerail.fr\/index.php\/documentation-cliquez-sur-les-images-pour-acceder-au-contenu-des-documents\/\",\"name\":\"Documentation : cliquez sur les images pour acc\u00e9der au contenu des documents - MINERAIL\",\"isPartOf\":{\"@id\":\"https:\/\/minerail.fr\/#website\"},\"primaryImageOfPage\":{\"@id\":\"https:\/\/minerail.fr\/index.php\/documentation-cliquez-sur-les-images-pour-acceder-au-contenu-des-documents\/#primaryimage\"},\"image\":{\"@id\":\"https:\/\/minerail.fr\/index.php\/documentation-cliquez-sur-les-images-pour-acceder-au-contenu-des-documents\/#primaryimage\"},\"thumbnailUrl\":\"https:\/\/minerail.fr\/wp-content\/uploads\/2021\/01\/mineur-h-m-150x150.jpg\",\"datePublished\":\"2021-06-12T13:30:18+00:00\",\"dateModified\":\"2025-02-06T13:23:19+00:00\",\"breadcrumb\":{\"@id\":\"https:\/\/minerail.fr\/index.php\/documentation-cliquez-sur-les-images-pour-acceder-au-contenu-des-documents\/#breadcrumb\"},\"inLanguage\":\"fr-FR\",\"potentialAction\":[{\"@type\":\"ReadAction\",\"target\":[\"https:\/\/minerail.fr\/index.php\/documentation-cliquez-sur-les-images-pour-acceder-au-contenu-des-documents\/\"]}]},{\"@type\":\"ImageObject\",\"inLanguage\":\"fr-FR\",\"@id\":\"https:\/\/minerail.fr\/index.php\/documentation-cliquez-sur-les-images-pour-acceder-au-contenu-des-documents\/#primaryimage\",\"url\":\"https:\/\/minerail.fr\/wp-content\/uploads\/2021\/01\/mineur-h-m-scaled.jpg\",\"contentUrl\":\"https:\/\/minerail.fr\/wp-content\/uploads\/2021\/01\/mineur-h-m-scaled.jpg\",\"width\":1672,\"height\":2560,\"caption\":\"mine de Messeix\"},{\"@type\":\"BreadcrumbList\",\"@id\":\"https:\/\/minerail.fr\/index.php\/documentation-cliquez-sur-les-images-pour-acceder-au-contenu-des-documents\/#breadcrumb\",\"itemListElement\":[{\"@type\":\"ListItem\",\"position\":1,\"name\":\"Accueil\",\"item\":\"https:\/\/minerail.fr\/\"},{\"@type\":\"ListItem\",\"position\":2,\"name\":\"Documentation : cliquez sur les images pour acc\u00e9der au contenu des documents\"}]},{\"@type\":\"WebSite\",\"@id\":\"https:\/\/minerail.fr\/#website\",\"url\":\"https:\/\/minerail.fr\/\",\"name\":\"MINERAIL\",\"description\":\"150 ans d&#039;exploitation mini\u00e8re \u00e0 Messeix\",\"publisher\":{\"@id\":\"https:\/\/minerail.fr\/#organization\"},\"potentialAction\":[{\"@type\":\"SearchAction\",\"target\":{\"@type\":\"EntryPoint\",\"urlTemplate\":\"https:\/\/minerail.fr\/?s={search_term_string}\"},\"query-input\":{\"@type\":\"PropertyValueSpecification\",\"valueRequired\":true,\"valueName\":\"search_term_string\"}}],\"inLanguage\":\"fr-FR\"},{\"@type\":\"Organization\",\"@id\":\"https:\/\/minerail.fr\/#organization\",\"name\":\"MINERAIL\",\"url\":\"https:\/\/minerail.fr\/\",\"logo\":{\"@type\":\"ImageObject\",\"inLanguage\":\"fr-FR\",\"@id\":\"https:\/\/minerail.fr\/#\/schema\/logo\/image\/\",\"url\":\"https:\/\/minerail.fr\/wp-content\/uploads\/2020\/10\/cropped-Minerail_Logo-1.png\",\"contentUrl\":\"https:\/\/minerail.fr\/wp-content\/uploads\/2020\/10\/cropped-Minerail_Logo-1.png\",\"width\":232,\"height\":100,\"caption\":\"MINERAIL\"},\"image\":{\"@id\":\"https:\/\/minerail.fr\/#\/schema\/logo\/image\/\"},\"sameAs\":[\"https:\/\/www.facebook.com\/minerail\",\"https:\/\/www.instagram.com\/explore\/locations\/967279510046135\/minerail-musee-de-la-mine-de-messeix\/\"]}]}<\/script>\n<!-- \/ Yoast SEO plugin. -->","yoast_head_json":{"title":"Documentation : cliquez sur les images pour acc\u00e9der au contenu des documents - MINERAIL","robots":{"index":"index","follow":"follow","max-snippet":"max-snippet:-1","max-image-preview":"max-image-preview:large","max-video-preview":"max-video-preview:-1"},"canonical":"https:\/\/minerail.fr\/index.php\/documentation-cliquez-sur-les-images-pour-acceder-au-contenu-des-documents\/","og_locale":"fr_FR","og_type":"article","og_title":"Documentation : cliquez sur les images pour acc\u00e9der au contenu des documents - MINERAIL","og_description":"Pr\u00e9sentation du Mus\u00e9e de la mine de MESSEIX &#8211; 63750 D\u00e9pliant disponible dans les bureaux de Tourisme ou sur demande &lt;== Cliquez sur l&#8217;image R\u00e9f\u00e9renc\u00e9 au niveau R\u00e9gion &lt;== cliquer sur l&#8217;image le train des mineurs et une visite adapt\u00e9e \u00e0 l&#8217;\u00e2ge des enfants&lt;== cliquez sur l&#8217;image","og_url":"https:\/\/minerail.fr\/index.php\/documentation-cliquez-sur-les-images-pour-acceder-au-contenu-des-documents\/","og_site_name":"MINERAIL","article_publisher":"https:\/\/www.facebook.com\/minerail","article_modified_time":"2025-02-06T13:23:19+00:00","og_image":[{"width":1672,"height":2560,"url":"https:\/\/minerail.fr\/wp-content\/uploads\/2021\/01\/mineur-h-m-scaled.jpg","type":"image\/jpeg"}],"twitter_card":"summary_large_image","twitter_misc":{"Dur\u00e9e de lecture estim\u00e9e":"2 minutes"},"schema":{"@context":"https:\/\/schema.org","@graph":[{"@type":"WebPage","@id":"https:\/\/minerail.fr\/index.php\/documentation-cliquez-sur-les-images-pour-acceder-au-contenu-des-documents\/","url":"https:\/\/minerail.fr\/index.php\/documentation-cliquez-sur-les-images-pour-acceder-au-contenu-des-documents\/","name":"Documentation : cliquez sur les images pour acc\u00e9der au contenu des documents - MINERAIL","isPartOf":{"@id":"https:\/\/minerail.fr\/#website"},"primaryImageOfPage":{"@id":"https:\/\/minerail.fr\/index.php\/documentation-cliquez-sur-les-images-pour-acceder-au-contenu-des-documents\/#primaryimage"},"image":{"@id":"https:\/\/minerail.fr\/index.php\/documentation-cliquez-sur-les-images-pour-acceder-au-contenu-des-documents\/#primaryimage"},"thumbnailUrl":"https:\/\/minerail.fr\/wp-content\/uploads\/2021\/01\/mineur-h-m-150x150.jpg","datePublished":"2021-06-12T13:30:18+00:00","dateModified":"2025-02-06T13:23:19+00:00","breadcrumb":{"@id":"https:\/\/minerail.fr\/index.php\/documentation-cliquez-sur-les-images-pour-acceder-au-contenu-des-documents\/#breadcrumb"},"inLanguage":"fr-FR","potentialAction":[{"@type":"ReadAction","target":["https:\/\/minerail.fr\/index.php\/documentation-cliquez-sur-les-images-pour-acceder-au-contenu-des-documents\/"]}]},{"@type":"ImageObject","inLanguage":"fr-FR","@id":"https:\/\/minerail.fr\/index.php\/documentation-cliquez-sur-les-images-pour-acceder-au-contenu-des-documents\/#primaryimage","url":"https:\/\/minerail.fr\/wp-content\/uploads\/2021\/01\/mineur-h-m-scaled.jpg","contentUrl":"https:\/\/minerail.fr\/wp-content\/uploads\/2021\/01\/mineur-h-m-scaled.jpg","width":1672,"height":2560,"caption":"mine de Messeix"},{"@type":"BreadcrumbList","@id":"https:\/\/minerail.fr\/index.php\/documentation-cliquez-sur-les-images-pour-acceder-au-contenu-des-documents\/#breadcrumb","itemListElement":[{"@type":"ListItem","position":1,"name":"Accueil","item":"https:\/\/minerail.fr\/"},{"@type":"ListItem","position":2,"name":"Documentation : cliquez sur les images pour acc\u00e9der au contenu des documents"}]},{"@type":"WebSite","@id":"https:\/\/minerail.fr\/#website","url":"https:\/\/minerail.fr\/","name":"MINERAIL","description":"150 ans d&#039;exploitation mini\u00e8re \u00e0 Messeix","publisher":{"@id":"https:\/\/minerail.fr\/#organization"},"potentialAction":[{"@type":"SearchAction","target":{"@type":"EntryPoint","urlTemplate":"https:\/\/minerail.fr\/?s={search_term_string}"},"query-input":{"@type":"PropertyValueSpecification","valueRequired":true,"valueName":"search_term_string"}}],"inLanguage":"fr-FR"},{"@type":"Organization","@id":"https:\/\/minerail.fr\/#organization","name":"MINERAIL","url":"https:\/\/minerail.fr\/","logo":{"@type":"ImageObject","inLanguage":"fr-FR","@id":"https:\/\/minerail.fr\/#\/schema\/logo\/image\/","url":"https:\/\/minerail.fr\/wp-content\/uploads\/2020\/10\/cropped-Minerail_Logo-1.png","contentUrl":"https:\/\/minerail.fr\/wp-content\/uploads\/2020\/10\/cropped-Minerail_Logo-1.png","width":232,"height":100,"caption":"MINERAIL"},"image":{"@id":"https:\/\/minerail.fr\/#\/schema\/logo\/image\/"},"sameAs":["https:\/\/www.facebook.com\/minerail","https:\/\/www.instagram.com\/explore\/locations\/967279510046135\/minerail-musee-de-la-mine-de-messeix\/"]}]}},"_links":{"self":[{"href":"https:\/\/minerail.fr\/index.php\/wp-json\/wp\/v2\/pages\/390","targetHints":{"allow":["GET"]}}],"collection":[{"href":"https:\/\/minerail.fr\/index.php\/wp-json\/wp\/v2\/pages"}],"about":[{"href":"https:\/\/minerail.fr\/index.php\/wp-json\/wp\/v2\/types\/page"}],"author":[{"embeddable":true,"href":"https:\/\/minerail.fr\/index.php\/wp-json\/wp\/v2\/users\/2"}],"replies":[{"embeddable":true,"href":"https:\/\/minerail.fr\/index.php\/wp-json\/wp\/v2\/comments?post=390"}],"version-history":[{"count":28,"href":"https:\/\/minerail.fr\/index.php\/wp-json\/wp\/v2\/pages\/390\/revisions"}],"predecessor-version":[{"id":1821,"href":"https:\/\/minerail.fr\/index.php\/wp-json\/wp\/v2\/pages\/390\/revisions\/1821"}],"wp:attachment":[{"href":"https:\/\/minerail.fr\/index.php\/wp-json\/wp\/v2\/media?parent=390"}],"curies":[{"name":"wp","href":"https:\/\/api.w.org\/{rel}","templated":true}]}}